{"id":3092,"date":"2022-05-27T22:22:28","date_gmt":"2022-05-27T19:22:28","guid":{"rendered":"http:\/\/www.teknolojidergisi.net\/?page_id=3092"},"modified":"2022-05-29T13:38:19","modified_gmt":"2022-05-29T10:38:19","slug":"reklam-politikasi","status":"publish","type":"page","link":"https:\/\/www.teknolojidergisi.net\/?page_id=3092","title":{"rendered":"Reklam Politikas\u0131"},"content":{"rendered":"\n<blockquote class=\"wp-block-quote is-layout-flow wp-block-quote-is-layout-flow\"><p><strong>Reklam vermek&nbsp;ve detaylar i\u00e7in:<\/strong> bilgi@teknolojidergisi.net<\/p><\/blockquote>\n\n\n\n<p>1.Reklamlar sitenin ak\u0131c\u0131, okunabilir ve sade yap\u0131s\u0131n\u0131 bozmayacak \u015fekilde ana sayfadaki haber kutucuklar\u0131 i\u00e7inde konumlanacakt\u0131r<\/p>\n\n\n\n<p>2.Reklam ana sayfadaki g\u00f6r\u00fcn\u00fcm s\u00fcresine g\u00f6re \u00fccretlendirilecektir<\/p>\n\n\n\n<p>3.Ama\u00e7 okuyucuyu ana ak\u0131\u015ftan koparmamak gereksiz g\u00f6rsel efekt ve animasyonlarla okunabilirli\u011fi zorla\u015ft\u0131rmamakt\u0131r<\/p>\n\n\n\n<p>4.Kanunlara ayk\u0131r\u0131 \u00fcr\u00fcn ve hizmetlerin reklamlar\u0131 yay\u0131nlamaz<\/p>\n\n\n\n<p>5.Ahlak a\u00e7\u0131s\u0131ndan uygun g\u00f6r\u00fclmeyen reklamlar yay\u0131nlanmaz<\/p>\n\n\n\n<p>6.Reklam\u0131n i\u00e7eri\u011finde \u0131rk, cinsiyet, \u00fclke, din ve fiziksel ya da zihinsel engellilik a\u00e7\u0131s\u0131ndan hi\u00e7bir yalan, yanl\u0131\u015f, k\u00fc\u00e7\u00fck d\u00fc\u015f\u00fcr\u00fcc\u00fc ve yasad\u0131\u015f\u0131 tan\u0131m ya da yorum yer almamal\u0131d\u0131r<\/p>\n\n\n\n<p>7.&nbsp;Reklam\u0131 yap\u0131lan \u00fcr\u00fcn ya da hizmetin i\u00e7erik ve uygulamas\u0131ndan teknolojidergisi.net sorumlu tutulamaz<\/p>\n\n\n\n<p>8.teknolojidergisi.net, ulusal ve uluslararas\u0131 \u00e7er\u00e7evede ge\u00e7erli olan evrensel reklamc\u0131l\u0131k kurallar\u0131na uymay\u0131 prensip edinmi\u015ftir. Reklam \u00fczerinde aksi bir durum tespit edilirse teknolojidergisi.net reklam\u0131 yay\u0131ndan kald\u0131rma hakk\u0131na sahiptir.<\/p>\n\n\n\n<p>9.teknolojidergisi.net, \u00f6nceden haber vermeden bu maddelerde de\u011fi\u015fiklik yapma hakk\u0131na sahiptir<\/p>\n","protected":false},"excerpt":{"rendered":"<p>Reklam vermek&nbsp;ve detaylar i\u00e7in: bilgi@teknolojidergisi.net 1.Reklamlar sitenin ak\u0131c\u0131, okunabilir ve sade yap\u0131s\u0131n\u0131 bozmayacak \u015fekilde ana sayfadaki haber kutucuklar\u0131 i\u00e7inde konumlanacakt\u0131r 2.Reklam ana sayfadaki g\u00f6r\u00fcn\u00fcm s\u00fcresine g\u00f6re \u00fccretlendirilecektir 3.Ama\u00e7 okuyucuyu ana ak\u0131\u015ftan koparmamak gereksiz g\u00f6rsel efekt ve animasyonlarla okunabilirli\u011fi zorla\u015ft\u0131rmamakt\u0131r 4.Kanunlara ayk\u0131r\u0131 \u00fcr\u00fcn ve hizmetlerin reklamlar\u0131 yay\u0131nlamaz 5.Ahlak a\u00e7\u0131s\u0131ndan uygun g\u00f6r\u00fclmeyen reklamlar yay\u0131nlanmaz 6.Reklam\u0131n i\u00e7eri\u011finde \u0131rk, cinsiyet, \u00fclke, din ve fiziksel ya da zihinsel engellilik a\u00e7\u0131s\u0131ndan hi\u00e7bir yalan, yanl\u0131\u015f, k\u00fc\u00e7\u00fck d\u00fc\u015f\u00fcr\u00fcc\u00fc ve yasad\u0131\u015f\u0131 tan\u0131m ya da yorum yer almamal\u0131d\u0131r 7.&nbsp;Reklam\u0131 yap\u0131lan \u00fcr\u00fcn ya da hizmetin i\u00e7erik ve uygulamas\u0131ndan teknolojidergisi.net sorumlu tutulamaz 8.teknolojidergisi.net, ulusal ve uluslararas\u0131 \u00e7er\u00e7evede ge\u00e7erli olan evrensel reklamc\u0131l\u0131k kurallar\u0131na<\/p>\n","protected":false},"author":3,"featured_media":0,"parent":0,"menu_order":0,"comment_status":"closed","ping_status":"closed","template":"","meta":{"footnotes":""},"class_list":["post-3092","page","type-page","status-publish","hentry"],"_links":{"self":[{"href":"https:\/\/www.teknolojidergisi.net\/index.php?rest_route=\/wp\/v2\/pages\/3092"}],"collection":[{"href":"https:\/\/www.teknolojidergisi.net\/index.php?rest_route=\/wp\/v2\/pages"}],"about":[{"href":"https:\/\/www.teknolojidergisi.net\/index.php?rest_route=\/wp\/v2\/types\/page"}],"author":[{"embeddable":true,"href":"https:\/\/www.teknolojidergisi.net\/index.php?rest_route=\/wp\/v2\/users\/3"}],"replies":[{"embeddable":true,"href":"https:\/\/www.teknolojidergisi.net\/index.php?rest_route=%2Fwp%2Fv2%2Fcomments&post=3092"}],"version-history":[{"count":2,"href":"https:\/\/www.teknolojidergisi.net\/index.php?rest_route=\/wp\/v2\/pages\/3092\/revisions"}],"predecessor-version":[{"id":3277,"href":"https:\/\/www.teknolojidergisi.net\/index.php?rest_route=\/wp\/v2\/pages\/3092\/revisions\/3277"}],"wp:attachment":[{"href":"https:\/\/www.teknolojidergisi.net\/index.php?rest_route=%2Fwp%2Fv2%2Fmedia&parent=3092"}],"curies":[{"name":"wp","href":"https:\/\/api.w.org\/{rel}","templated":true}]}}