{"id":3095,"date":"2022-05-27T22:29:10","date_gmt":"2022-05-27T19:29:10","guid":{"rendered":"http:\/\/www.teknolojidergisi.net\/?page_id=3095"},"modified":"2025-02-14T15:59:08","modified_gmt":"2025-02-14T12:59:08","slug":"teknolojidergisi-hakkinda","status":"publish","type":"page","link":"https:\/\/www.teknolojidergisi.net\/?page_id=3095","title":{"rendered":"TeknolojiDergisi Hakk\u0131nda"},"content":{"rendered":"\n<p>TeknolojiDergisi.net, ge\u00e7mi\u015fte&nbsp;<em>PCWorld, Byte ve MobilLife<\/em> gibi dergilerde yazarl\u0131k, edit\u00f6rl\u00fck yapm\u0131\u015f&nbsp;yan\u0131 s\u0131ra yaz\u0131l\u0131m geli\u015ftirme ve elektronik \u00fczerine kurumsal\/akademik e\u011fitimler de veren ayr\u0131ca 20+ teknik kitap yazm\u0131\u015f bir ekibin olu\u015fturdu\u011fu teknoloji portal\u0131d\u0131r.<\/p>\n\n\n\n<p>Okurlar\u0131n\u0131 ticari ama\u00e7lar hedeflemeksizin, teknolojik geli\u015fmelerden haberdar etmek amac\u0131yla yay\u0131n hayat\u0131n\u0131 s\u00fcrd\u00fcrmekte olan portal\u0131m\u0131z\u0131n&nbsp;tasar\u0131m\u0131 da bu amaca y\u00f6nelik&nbsp;olarak ak\u0131c\u0131, daha az resim&nbsp;ama daha fazla metin i\u00e7erecek \u015fekilde d\u00fczenlenmi\u015ftir. \u0130\u00e7erik farkl\u0131 mobil platformlarda bozulmadan kolayca okunabilir \u015fekilde sunulmaktad\u0131r. <\/p>\n\n\n\n<blockquote class=\"wp-block-quote is-layout-flow wp-block-quote-is-layout-flow\">\n<p><strong>Kurucu &amp; Y\u00f6netmen:&nbsp;Zafer DEM\u0130RKOL<\/strong><\/p>\n\n\n\n<p><\/p>\n<cite><a href=\"mailto:zaferdemirkol@teknolojidergisi.net\">zaferdemirkol@teknolojidergisi.net<\/a><\/cite><\/blockquote>\n\n\n\n<p>Elektrik m\u00fchendisli\u011fi okudu, programlamaya ise 80\u2019li y\u0131llarda Sinclair ve Basic ile ba\u015flad\u0131. Elektrog\u00fcvenlik sekt\u00f6r\u00fcnde ba\u015flad\u0131\u011f\u0131 i\u015f ya\u015fam\u0131 2000\u2019li y\u0131llar\u0131n ba\u015f\u0131nda yaz\u0131l\u0131m sekt\u00f6r\u00fcnde profesyonel yaz\u0131l\u0131mc\u0131l\u0131k, proje y\u00f6neticili\u011fi ve e\u011fitimcilik y\u00f6n\u00fcnde evrildi. 3 farkl\u0131 \u00fcniversitede yaz\u0131l\u0131m geli\u015ftirme \u00fczerine lisans dersleri verdi. Bili\u015fim bas\u0131n\u0131 taraf\u0131nda dergi edit\u00f6rl\u00fc\u011f\u00fc yapt\u0131. Halen kurucu orta\u011f\u0131 oldu\u011fu teknolojidergisi.net, softrik.tv gibi mecralarda yay\u0131nc\u0131l\u0131k da yapmaktad\u0131r. \u015eimdiye dek yaz\u0131l\u0131m teknolojileri \u00fczerine 11 farkl\u0131 kitap yazd\u0131. \u00d6zellikle son kitab\u0131 olan &#8220;\u00c7ocuklar i\u00e7in Kodlama&#8221; meslek ya\u015fam\u0131nda bir d\u00f6n\u00fcm noktas\u0131 oldu. Bu kitap hem T\u00fcrk\u00e7e hem de \u0130ngilizce dillerinde bas\u0131l\u0131p, yay\u0131mlanmakta hem de bu konudaki akademik pek \u00e7ok \u00e7al\u0131\u015fman\u0131n da referans kayna\u011f\u0131n\u0131 te\u015fkil etmektedir. Son d\u00f6nemde \u00e7al\u0131\u015fmalar\u0131n\u0131 odaklad\u0131\u011f\u0131 konu \u00e7ocuklar i\u00e7in kodlama e\u011fitimleri olup \u00f6zel bir kolejde bu konuda at\u00f6lye dersleri vermektedir. Ayn\u0131 zamanda Microsoft\u2019un 3 kez MVP unvan\u0131 verdi\u011fi Demirkol, \u00c7ocuklar \u0130\u00e7in Kodlama ya da k\u0131saca CIK ismini verdi\u011fi \u00f6zel yaz\u0131l\u0131m altyap\u0131s\u0131n\u0131 (framework\u2019\u00fc) (CIK) geli\u015ftirdi.&nbsp;<\/p>\n\n\n\n<hr class=\"wp-block-separator has-css-opacity\"\/>\n\n\n\n<blockquote class=\"wp-block-quote is-layout-flow wp-block-quote-is-layout-flow\">\n<p><strong>Yaz\u0131 \u0130\u015fleri &amp; Edit\u00f6r:&nbsp;Aykut TA\u015eDELEN <\/strong><\/p>\n<cite><a href=\"mailto:aykuttasdelen@teknolojidergisi.net\">aykuttasdelen@teknolojidergisi.net<\/a> | 553 808.09.15<\/cite><\/blockquote>\n\n\n\n<p>Yaz\u0131l\u0131ma 80\u2019lerin sonunda C64\/Basic ile amat\u00f6rce ba\u015flayan Ta\u015fdelen \u00fcniversite \u00f6\u011frencili\u011fi d\u00f6neminde elektronik sekt\u00f6r\u00fcnde \u00e7al\u0131\u015ft\u0131. \u00d6\u011frencili\u011fe m\u00fcteakip (90&#8217;lar\u0131n sonunda) yaz\u0131l\u0131m sekt\u00f6r\u00fcne ge\u00e7i\u015f yapt\u0131. Bir s\u00fcre freelance yaz\u0131l\u0131m projeleri yapan Ta\u015fdelen 2002 y\u0131l\u0131ndan itibaren \u015firketlere y\u00f6nelik kurumsal yaz\u0131l\u0131m e\u011fitimleri vermeye ba\u015flad\u0131.<\/p>\n\n\n\n<p>Pek \u00e7ok firma (bankalar, yaz\u0131l\u0131m ve teknoloji \u015firketleri) ve kamu kurumuna farkl\u0131 yaz\u0131l\u0131m teknolojileri \u00fczerine (.NET, Java, iOS, Android, C++, Yaz\u0131l\u0131m Mimarisi, \u2026) e\u011fitimler verdi, dan\u0131\u015fmanl\u0131k, projeler ve y\u00f6neticilik yapt\u0131. Halen <strong><a href=\"http:\/\/www.quantumakademi.com\">Quantum Akademi<\/a><\/strong> isimli firman\u0131n kurucusudur ve yapay zeka, yaz\u0131l\u0131m geli\u015ftirme teknolojileri hakk\u0131nda \u015firketlere, kamu kurumlar\u0131na teknik e\u011fitimler vermektedir.<\/p>\n\n\n\n<p>2011-17 aras\u0131nda \u00f6zel bir \u00fcniversitede Android, Yaz\u0131l\u0131m Mimarisi \u00fczerine lisans dersleri verdi.<\/p>\n\n\n\n<p>Programlama \u00fczerine T\u00fcrk\u00e7e \/ \u0130ngilizce 12 farkl\u0131 kitap yazd\u0131.<\/p>\n\n\n\n<p>.NET teknolojileri \u00fczerine verdi\u011fi e\u011fitimler, seminerler ve kitaplar\u0131ndan dolay\u0131 Microsoft\u2019tan 7 kez MVP unvan\u0131 ve \u00f6d\u00fcl\u00fc ile taltif edildi.<\/p>\n\n\n\n<p>Teknoloji bas\u0131n\u0131 mensubu olan Ta\u015fdelen ge\u00e7mi\u015fte PCWorld dergisinde, 2016&#8217;dan beriyse TeknolojiDergisi.net portal\u0131nda teknoloji habercili\u011fi yapmaktad\u0131r.<\/p>\n\n\n\n<p>INETA (Uluslararas\u0131 .NET Birli\u011fi) organizasyonun s\u0131ras\u0131yla T\u00fcrkiye, Ortado\u011fu\/Afrika b\u00f6lgesi y\u00f6neticili\u011fi g\u00f6revlerini \u00fcstlendi. INETA ad\u0131na pek \u00e7ok seminerde konu\u015fmac\u0131l\u0131k yapt\u0131. 2003&#8217;ten beri pek \u00e7ok \u00fcniversitede y\u00fczlerce seminer verdi.<\/p>\n\n\n\n<p>Son y\u0131llarda proje ve e\u011fitim \u00e7al\u0131\u015fmalar\u0131n\u0131 daha \u00e7ok yapay zek\u00e2, veri bilimi, mikrodenetleyiciler, ROS isimli robotik framework&#8217;\u00fc \u00fczerinde yo\u011funla\u015ft\u0131rm\u0131\u015ft\u0131r.<\/p>\n\n\n\n<p><\/p>\n","protected":false},"excerpt":{"rendered":"<p>TeknolojiDergisi.net, ge\u00e7mi\u015fte&nbsp;PCWorld, Byte ve MobilLife gibi dergilerde yazarl\u0131k, edit\u00f6rl\u00fck yapm\u0131\u015f&nbsp;yan\u0131 s\u0131ra yaz\u0131l\u0131m geli\u015ftirme ve elektronik \u00fczerine kurumsal\/akademik e\u011fitimler de veren ayr\u0131ca 20+ teknik kitap yazm\u0131\u015f bir ekibin olu\u015fturdu\u011fu teknoloji portal\u0131d\u0131r. Okurlar\u0131n\u0131 ticari ama\u00e7lar hedeflemeksizin, teknolojik geli\u015fmelerden haberdar etmek amac\u0131yla yay\u0131n hayat\u0131n\u0131 s\u00fcrd\u00fcrmekte olan portal\u0131m\u0131z\u0131n&nbsp;tasar\u0131m\u0131 da bu amaca y\u00f6nelik&nbsp;olarak ak\u0131c\u0131, daha az resim&nbsp;ama daha fazla metin i\u00e7erecek \u015fekilde d\u00fczenlenmi\u015ftir. \u0130\u00e7erik farkl\u0131 mobil platformlarda bozulmadan kolayca okunabilir \u015fekilde sunulmaktad\u0131r. Kurucu &amp; Y\u00f6netmen:&nbsp;Zafer DEM\u0130RKOL zaferdemirkol@teknolojidergisi.net Elektrik m\u00fchendisli\u011fi okudu, programlamaya ise 80\u2019li y\u0131llarda Sinclair ve Basic ile ba\u015flad\u0131. Elektrog\u00fcvenlik sekt\u00f6r\u00fcnde ba\u015flad\u0131\u011f\u0131 i\u015f ya\u015fam\u0131 2000\u2019li y\u0131llar\u0131n ba\u015f\u0131nda yaz\u0131l\u0131m sekt\u00f6r\u00fcnde profesyonel yaz\u0131l\u0131mc\u0131l\u0131k, proje y\u00f6neticili\u011fi ve e\u011fitimcilik<\/p>\n","protected":false},"author":3,"featured_media":0,"parent":0,"menu_order":0,"comment_status":"closed","ping_status":"closed","template":"","meta":{"footnotes":""},"class_list":["post-3095","page","type-page","status-publish","hentry"],"_links":{"self":[{"href":"https:\/\/www.teknolojidergisi.net\/index.php?rest_route=\/wp\/v2\/pages\/3095"}],"collection":[{"href":"https:\/\/www.teknolojidergisi.net\/index.php?rest_route=\/wp\/v2\/pages"}],"about":[{"href":"https:\/\/www.teknolojidergisi.net\/index.php?rest_route=\/wp\/v2\/types\/page"}],"author":[{"embeddable":true,"href":"https:\/\/www.teknolojidergisi.net\/index.php?rest_route=\/wp\/v2\/users\/3"}],"replies":[{"embeddable":true,"href":"https:\/\/www.teknolojidergisi.net\/index.php?rest_route=%2Fwp%2Fv2%2Fcomments&post=3095"}],"version-history":[{"count":5,"href":"https:\/\/www.teknolojidergisi.net\/index.php?rest_route=\/wp\/v2\/pages\/3095\/revisions"}],"predecessor-version":[{"id":6872,"href":"https:\/\/www.teknolojidergisi.net\/index.php?rest_route=\/wp\/v2\/pages\/3095\/revisions\/6872"}],"wp:attachment":[{"href":"https:\/\/www.teknolojidergisi.net\/index.php?rest_route=%2Fwp%2Fv2%2Fmedia&parent=3095"}],"curies":[{"name":"wp","href":"https:\/\/api.w.org\/{rel}","templated":true}]}}