{"id":3098,"date":"2022-05-27T22:31:11","date_gmt":"2022-05-27T19:31:11","guid":{"rendered":"http:\/\/www.teknolojidergisi.net\/?page_id=3098"},"modified":"2024-05-19T02:04:43","modified_gmt":"2024-05-18T23:04:43","slug":"iletisim","status":"publish","type":"page","link":"https:\/\/www.teknolojidergisi.net\/?page_id=3098","title":{"rendered":"\u0130leti\u015fim"},"content":{"rendered":"\n<p><strong>Zafer Demirkol<\/strong> &#8211; Kurucu\/Y\u00f6netmen\u00a0 zaferdemirkol@teknolojidergisi.net<br><strong>Aykut Ta\u015fdelen<\/strong> &#8211; Yaz\u0131 \u0130\u015fleri\/Edit\u00f6r\u00a0 \u00a0 \u00a0aykuttasdelen@teknolojidergisi.net (553) 808.09.15<\/p>\n\n\n\n<p><\/p>\n\n\n\n<p>Lale Sk. Lale apt. No:32 \u00a0Daire:11 veya 16 Alt\u0131ntepe Maltepe\/\u0130stanbul<\/p>\n\n\n\n<p>bilgi@teknolojidergisi.net<\/p>\n\n\n\n<p><\/p>\n","protected":false},"excerpt":{"rendered":"<p>Zafer Demirkol &#8211; Kurucu\/Y\u00f6netmen\u00a0 zaferdemirkol@teknolojidergisi.netAykut Ta\u015fdelen &#8211; Yaz\u0131 \u0130\u015fleri\/Edit\u00f6r\u00a0 \u00a0 \u00a0aykuttasdelen@teknolojidergisi.net (553) 808.09.15 Lale Sk. Lale apt. No:32 \u00a0Daire:11 veya 16 Alt\u0131ntepe Maltepe\/\u0130stanbul bilgi@teknolojidergisi.net<\/p>\n","protected":false},"author":3,"featured_media":0,"parent":0,"menu_order":0,"comment_status":"closed","ping_status":"closed","template":"","meta":{"footnotes":""},"class_list":["post-3098","page","type-page","status-publish","hentry"],"_links":{"self":[{"href":"https:\/\/www.teknolojidergisi.net\/index.php?rest_route=\/wp\/v2\/pages\/3098"}],"collection":[{"href":"https:\/\/www.teknolojidergisi.net\/index.php?rest_route=\/wp\/v2\/pages"}],"about":[{"href":"https:\/\/www.teknolojidergisi.net\/index.php?rest_route=\/wp\/v2\/types\/page"}],"author":[{"embeddable":true,"href":"https:\/\/www.teknolojidergisi.net\/index.php?rest_route=\/wp\/v2\/users\/3"}],"replies":[{"embeddable":true,"href":"https:\/\/www.teknolojidergisi.net\/index.php?rest_route=%2Fwp%2Fv2%2Fcomments&post=3098"}],"version-history":[{"count":3,"href":"https:\/\/www.teknolojidergisi.net\/index.php?rest_route=\/wp\/v2\/pages\/3098\/revisions"}],"predecessor-version":[{"id":5297,"href":"https:\/\/www.teknolojidergisi.net\/index.php?rest_route=\/wp\/v2\/pages\/3098\/revisions\/5297"}],"wp:attachment":[{"href":"https:\/\/www.teknolojidergisi.net\/index.php?rest_route=%2Fwp%2Fv2%2Fmedia&parent=3098"}],"curies":[{"name":"wp","href":"https:\/\/api.w.org\/{rel}","templated":true}]}}