{"id":3101,"date":"2022-05-27T22:32:20","date_gmt":"2022-05-27T19:32:20","guid":{"rendered":"http:\/\/www.teknolojidergisi.net\/?page_id=3101"},"modified":"2022-05-29T13:37:58","modified_gmt":"2022-05-29T10:37:58","slug":"kullanim-politikasi","status":"publish","type":"page","link":"https:\/\/www.teknolojidergisi.net\/?page_id=3101","title":{"rendered":"Kullan\u0131m Politikas\u0131"},"content":{"rendered":"\n<ol class=\"wp-block-list\"><li>Teknolojidergisi.net taraf\u0131ndan \u00fcretilen i\u00e7erikler kaynak g\u00f6sterilerek kullan\u0131labilir<\/li><li>Teknolojidergisi.net sitesinin i\u00e7erikleri tavsiye ve bilgilendirme amac\u0131 ta\u015f\u0131maktad\u0131r.<\/li><li>Teknolojidergisi.net , ziyaret\u00e7ilerin bilgilenmesi amac\u0131yla sunulan i\u00e7eriklerin kesin do\u011fru oldu\u011funu garanti ve taahh\u00fct etmemekte ve bu i\u00e7eriklerin sadece tavsiye ve bilgilendirme ama\u00e7l\u0131 oldu\u011funu beyan etmektedir.<\/li><li>Teknolojidergisi.net , sunmu\u015f oldu\u011fu hizmetler \u00fczerinde en iyi hizmeti verme amac\u0131 ile dile\u011fi takdirde her zaman tek tarafl\u0131 olarak de\u011fi\u015fiklik yapabilir.<\/li><li>Sitenin vir\u00fcs ve sair zararl\u0131 i\u00e7erik bar\u0131nd\u0131rmamas\u0131 i\u00e7in \u00f6zen sarf edilmekle birlikte, geli\u015fen teknoloji, teknik sorun ve di\u011fer nedenlerle bilgisayar\u0131n\u0131za vir\u00fcs, trojan gibi zararl\u0131 yaz\u0131l\u0131mlar\u0131n bula\u015fmas\u0131 ihtimali bulunmaktad\u0131r. Bu gibi risklere kar\u015f\u0131 antivir\u00fcs programlar\u0131 ve benzeri uygulamalar kullanman\u0131z\u0131 tavsiye ederiz. Bu sitede gezinmeniz dolay\u0131s\u0131yla kar\u015f\u0131la\u015fabilece\u011finiz yaz\u0131l\u0131msal ve donan\u0131msal dahil olmak \u00fczere hi\u00e7bir zarara ili\u015fkin sorumluluk kabul etmemekteyiz. Bu nedenlerle sitemizden herhangi bir talepte bulunmayaca\u011f\u0131n\u0131z\u0131 pe\u015finen kabul etmektesiniz.<\/li><li>Teknolojidergisi.net kullan\u0131m ko\u015fullar\u0131n\u0131 \u00f6nceden bildirmeksizin de\u011fi\u015ftirebilir. Bu nedenle kullan\u0131m ko\u015fullar\u0131n\u0131 belirli aral\u0131klarla incelemenizi \u00f6neririz. &nbsp;<\/li><\/ol>\n","protected":false},"excerpt":{"rendered":"<p>Teknolojidergisi.net taraf\u0131ndan \u00fcretilen i\u00e7erikler kaynak g\u00f6sterilerek kullan\u0131labilir Teknolojidergisi.net sitesinin i\u00e7erikleri tavsiye ve bilgilendirme amac\u0131 ta\u015f\u0131maktad\u0131r. Teknolojidergisi.net , ziyaret\u00e7ilerin bilgilenmesi amac\u0131yla sunulan i\u00e7eriklerin kesin do\u011fru oldu\u011funu garanti ve taahh\u00fct etmemekte ve bu i\u00e7eriklerin sadece tavsiye ve bilgilendirme ama\u00e7l\u0131 oldu\u011funu beyan etmektedir. Teknolojidergisi.net , sunmu\u015f oldu\u011fu hizmetler \u00fczerinde en iyi hizmeti verme amac\u0131 ile dile\u011fi takdirde her zaman tek tarafl\u0131 olarak de\u011fi\u015fiklik yapabilir. Sitenin vir\u00fcs ve sair zararl\u0131 i\u00e7erik bar\u0131nd\u0131rmamas\u0131 i\u00e7in \u00f6zen sarf edilmekle birlikte, geli\u015fen teknoloji, teknik sorun ve di\u011fer nedenlerle bilgisayar\u0131n\u0131za vir\u00fcs, trojan gibi zararl\u0131 yaz\u0131l\u0131mlar\u0131n bula\u015fmas\u0131 ihtimali bulunmaktad\u0131r. Bu gibi risklere kar\u015f\u0131 antivir\u00fcs programlar\u0131 ve benzeri uygulamalar kullanman\u0131z\u0131 tavsiye<\/p>\n","protected":false},"author":3,"featured_media":0,"parent":0,"menu_order":0,"comment_status":"closed","ping_status":"closed","template":"","meta":{"footnotes":""},"class_list":["post-3101","page","type-page","status-publish","hentry"],"_links":{"self":[{"href":"https:\/\/www.teknolojidergisi.net\/index.php?rest_route=\/wp\/v2\/pages\/3101"}],"collection":[{"href":"https:\/\/www.teknolojidergisi.net\/index.php?rest_route=\/wp\/v2\/pages"}],"about":[{"href":"https:\/\/www.teknolojidergisi.net\/index.php?rest_route=\/wp\/v2\/types\/page"}],"author":[{"embeddable":true,"href":"https:\/\/www.teknolojidergisi.net\/index.php?rest_route=\/wp\/v2\/users\/3"}],"replies":[{"embeddable":true,"href":"https:\/\/www.teknolojidergisi.net\/index.php?rest_route=%2Fwp%2Fv2%2Fcomments&post=3101"}],"version-history":[{"count":1,"href":"https:\/\/www.teknolojidergisi.net\/index.php?rest_route=\/wp\/v2\/pages\/3101\/revisions"}],"predecessor-version":[{"id":3103,"href":"https:\/\/www.teknolojidergisi.net\/index.php?rest_route=\/wp\/v2\/pages\/3101\/revisions\/3103"}],"wp:attachment":[{"href":"https:\/\/www.teknolojidergisi.net\/index.php?rest_route=%2Fwp%2Fv2%2Fmedia&parent=3101"}],"curies":[{"name":"wp","href":"https:\/\/api.w.org\/{rel}","templated":true}]}}